{"id":16021,"date":"2016-11-21T15:44:51","date_gmt":"2016-11-21T14:44:51","guid":{"rendered":"http:\/\/www.bemove.it\/?page_id=16021"},"modified":"2016-11-21T15:46:25","modified_gmt":"2016-11-21T14:46:25","slug":"16021-2","status":"publish","type":"page","link":"https:\/\/www.bemove.it\/index.php\/16021-2\/","title":{"rendered":"Cookie"},"content":{"rendered":"<div  class=\"wpb_row vc_row-fluid standard-section section  section-no-parallax  stretch   \" data-speed=\"1\" style=\"\"><div class=\"col span_12 color-dark left\">\n\t<div class=\"vc_col-sm-1 wpb_column column_container col no-padding color-dark\" style=\"\" data-animation=\"\" data-delay=\"\">\n\t\t<div class=\"wpb_wrapper\">\n\t\t\t\n\t\t<\/div> \n\t<\/div> \n\n\t<div class=\"vc_col-sm-10 wpb_column column_container col padding-2 color-dark\" style=\"\" data-animation=\"\" data-delay=\"\">\n\t\t<div class=\"wpb_wrapper\">\n\t\t\t\r\n\t<div class=\"wpb_text_column wpb_content_element \">\r\n\t\t<div class=\"wpb_wrapper\">\r\n\t\t\t<p><strong>Cos&#8217;\u00e8 un cookie?<\/strong><\/p>\n<p>I cookie sono brevi file di testo che vengono scaricati sul dispositivo dell&#8217;Utente quando si visita un sito web. Ad ogni visita successiva i cookie sono reinviati al sito web che li ha originati (cookie di prime parti) o a un altro sito che li riconosce (cookie di terze parti). I cookie sono utili perch\u00e9 consentono a un sito web di riconoscere il dispositivo dell\u2019Utente. Essi hanno diverse finalit\u00e0 come, per esempio, consentire di navigare efficientemente tra le pagine, ricordare i siti preferiti e, in generale, migliorare l&#8217;esperienza di navigazione. Contribuiscono anche a garantire che i contenuti pubblicitari visualizzati online siano pi\u00f9 mirati all&#8217;utente e ai suoi interessi. In base alla funzione e alla finalit\u00e0 di utilizzo, i cookie possono suddividersi in cookie tecnici, cookie di profilazione, cookie di terze parti.<\/p>\n<p><strong>Impostazioni dei cookie su questo sito web<\/strong><\/p>\n<p><strong>Cookie tecnici<\/strong><\/p>\n<p>I cookie tecnici sono quelli il cui utilizzo non richiede il consenso dell\u2019Utente ai sensi dell\u2019art. 122 comma 1 del D.Lgs. 196\/2003. Tra detti cookie tecnici, segnaliamo i cookie essenziali, detti anche &#8220;strictly necessary&#8221; (strettamente necessari), che abilitano funzioni, senza le quali non sarebbe possibile utilizzare appieno il Sito. Questi cookie vengono impiegati esclusivamente dal sito e sono quindi cookie di prima parte. Vengono salvati sul computer dell\u2019utente solo durante la sessione attuale del browser. Rientrano, altres\u00ec, nell\u2019ambito dei cookie tecnici anche quelli utilizzati per analizzare statisticamente gli accessi o le visite al sito, detti anche \u201canalytics\u201d, che perseguono esclusivamente scopi statistici, (ma non anche di marketing o profilazione) e raccolgono informazioni in forma aggregata (anonima) senza possibilit\u00e0 di risalire alla identificazione del singolo utente. Questi cookie sono possono essere disattivati e\/o eliminati attraverso le impostazioni del browser.<\/p>\n<p><strong>Cookie di profilazione e\/o di terze part<\/strong>i<\/p>\n<p>Questo sito NON fa uso di cookie di profilazione o di terze parti<\/p>\n<p><strong>Disabilitazione dei cookie<\/strong><\/p>\n<p>I cookie possono essere disabilitati dalle impostazioni del browser.<br \/>\nQuesto potrebbe alterare il funzionamento del sito.<\/p>\n<p><strong>Come disabilitare i cookies tramite il tuo browser<\/strong><\/p>\n<p>Questo sito web funziona in modo ottimale se i cookies sono abilitati. Puoi comunque decidere di non consentire l&#8217;impostazione dei cookies sul tuo computer; per farlo accedi alle &#8220;Preferenze&#8221; del tuo browser. Per informazioni su come modificare le impostazioni dei cookies seleziona qui sotto il browser che stai utilizzando: <a href=\"https:\/\/support.google.com\/chrome\/answer\/95647?hl=it&amp;topic=14666&amp;ctx=topic\">Chrome<\/a> &#8211; <a href=\"http:\/\/support.mozilla.org\/it\/kb\/Attivare%20e%20disattivare%20i%20cookie\">Firefox<\/a> &#8211; <a href=\"http:\/\/windows.microsoft.com\/it-it\/windows-vista\/block-or-allow-cookies\">Internet Explorer<\/a> &#8211; <a href=\"http:\/\/www.opera.com\/help\/tutorials\/security\/privacy\/\">Opera<\/a> &#8211; <a href=\"http:\/\/www.apple.com\/support\/?path=Safari\/5.0\/en\/11471.html\">Safari<\/a> .<br \/>\nSe disattivi i cookies, potresti disabilitare alcune funzionalit\u00e0 del sito. Anche con tutti i cookies disabilitati, il tuo browser continuer\u00e0 a memorizzare una piccola quantit\u00e0 di informazioni, necessarie per le funzionalit\u00e0 di base del sito.<\/p>\n<p>Puoi avere un elenco di alcuni provider che lavorano con i gestori dei siti web per raccogliere e utilizzare informazioni utili alla fruizione della pubblicit\u00e0 comportamentale andando al link <a href=\"http:\/\/www.youronlinechoices.com\/it\/le-tue-scelte\" target=\"_blank\">http:\/\/www.youronlinechoices.com\/it\/le-tue-scelte<\/a>. Potrai avere maggiori informazioni su ognuno di essi e bloccare\/attivare ogni singolo operatore.<\/p>\n\r\n\t\t<\/div>\r\n\t<\/div>\r\n\n\t\t<\/div> \n\t<\/div> \n\n\t<div class=\"vc_col-sm-1 wpb_column column_container col no-padding color-dark\" style=\"\" data-animation=\"\" data-delay=\"\">\n\t\t<div class=\"wpb_wrapper\">\n\t\t\t\n\t\t<\/div> \n\t<\/div> \n<\/div><\/div>\n","protected":false},"excerpt":{"rendered":"Cos'\u00e8 un cookie? I cookie sono brevi file di testo che vengono scaricati sul dispositivo dell'Utente quando si visita un sito web. Ad ogni visita successiva i cookie sono reinviati al sito web che li ha originati (cookie di prime parti) o a un altro sito che li riconosce (cookie di terze parti). I cookie sono utili perch\u00e9 consentono a un sito web di riconoscere il dispositivo dell\u2019Utente. Essi hanno diverse finalit\u00e0 come, per esempio, consentire di navigare efficientemente tra le pagine, ricordare i siti preferiti e, in generale, migliorare l'esperienza di navigazione. Contribuiscono anche a garantire che i contenuti pubblicitari visualizzati online siano pi\u00f9 mirati all'utente e ai suoi interessi. In base alla funzione e alla finalit\u00e0 di utilizzo, i cookie possono suddividersi in cookie tecnici, cookie di profilazione, cookie di terze parti. Impostazioni dei cookie su questo sito web Cookie tecnici I cookie tecnici sono quelli il cui utilizzo non richiede il consenso dell\u2019Utente ai sensi dell\u2019art. 122 comma 1 del D.Lgs. 196\/2003. Tra detti cookie tecnici, segnaliamo i cookie essenziali, detti anche \"strictly necessary\" (strettamente necessari), che abilitano funzioni, senza le quali non sarebbe possibile utilizzare appieno il Sito. Questi cookie vengono impiegati esclusivamente dal sito e [...]","protected":false},"author":2,"featured_media":0,"parent":0,"menu_order":0,"comment_status":"closed","ping_status":"closed","template":"","meta":[],"_links":{"self":[{"href":"https:\/\/www.bemove.it\/index.php\/wp-json\/wp\/v2\/pages\/16021"}],"collection":[{"href":"https:\/\/www.bemove.it\/index.php\/wp-json\/wp\/v2\/pages"}],"about":[{"href":"https:\/\/www.bemove.it\/index.php\/wp-json\/wp\/v2\/types\/page"}],"author":[{"embeddable":true,"href":"https:\/\/www.bemove.it\/index.php\/wp-json\/wp\/v2\/users\/2"}],"replies":[{"embeddable":true,"href":"https:\/\/www.bemove.it\/index.php\/wp-json\/wp\/v2\/comments?post=16021"}],"version-history":[{"count":3,"href":"https:\/\/www.bemove.it\/index.php\/wp-json\/wp\/v2\/pages\/16021\/revisions"}],"predecessor-version":[{"id":16024,"href":"https:\/\/www.bemove.it\/index.php\/wp-json\/wp\/v2\/pages\/16021\/revisions\/16024"}],"wp:attachment":[{"href":"https:\/\/www.bemove.it\/index.php\/wp-json\/wp\/v2\/media?parent=16021"}],"curies":[{"name":"wp","href":"https:\/\/api.w.org\/{rel}","templated":true}]}}